{"id":225484,"date":"2019-08-26T14:20:08","date_gmt":"2019-08-26T13:20:08","guid":{"rendered":"https:\/\/www.terapiaczakr.pl\/sound-therapy\/"},"modified":"2022-08-01T21:35:47","modified_gmt":"2022-08-01T20:35:47","slug":"sound-therapy","status":"publish","type":"page","link":"https:\/\/www.terapiaczakr.pl\/en\/sound-therapy\/","title":{"rendered":"Sound Therapy"},"content":{"rendered":"<p>[et_pb_section fb_built=&#8221;1&#8243; _builder_version=&#8221;3.27.2&#8243; custom_css_main_element=&#8221;padding-top: 0px !important;&#8221; _i=&#8221;0&#8243; _address=&#8221;0&#8243;][et_pb_row _builder_version=&#8221;3.27.2&#8243; custom_css_main_element=&#8221;padding-top: 0 !important;&#8221; _i=&#8221;0&#8243; _address=&#8221;0.0&#8243;][et_pb_column type=&#8221;4_4&#8243; _builder_version=&#8221;3.27.2&#8243; _i=&#8221;0&#8243; _address=&#8221;0.0.0&#8243;][et_pb_image src=&#8221;https:\/\/www.terapiaczakr.pl\/wp-content\/uploads\/2022\/07\/Feroz3.jpg&#8221; align=&#8221;center&#8221; admin_label=&#8221;Obraz&#8221; _builder_version=&#8221;3.27.2&#8243; max_height=&#8221;500px&#8221; _i=&#8221;0&#8243; _address=&#8221;0.0.0.0&#8243;][\/et_pb_image][et_pb_text _builder_version=&#8221;3.27.2&#8243; _i=&#8221;1&#8243; _address=&#8221;0.0.0.1&#8243;]<\/p>\n<p style=\"text-align: center;\"><span style=\"font-size: 24pt;\"><b>MEDITATION AND SOUND MASSAGE WITH TIBETAN BOWLS<\/b><\/span><\/p>\n<p>[\/et_pb_text][et_pb_text _builder_version=&#8221;3.27.2&#8243; text_font=&#8221;Lato||||||||&#8221; hover_enabled=&#8221;0&#8243; _i=&#8221;2&#8243; _address=&#8221;0.0.0.2&#8243;]<\/p>\n<p style=\"text-align: left;\"><span style=\"font-size: 14pt;\">In case of a healthy person, sound massage supports the development of internal harmony and strengthens the strength and energy needed to carry out tasks in everyday life. Creativity is also stimulated and all creative forces, concentration, memory is strengthened.<\/span><\/p>\n<p><span style=\"font-size: 14pt;\">However, in the case of illness, sound massage helps with ailments of a physical, mental and mental nature and relieves stress and anxiety. <\/span><\/p>\n<p style=\"text-align: center;\"><strong><span style=\"font-size: 14pt;\">Sound massage in the body:<\/span><\/strong><\/p>\n<ul style=\"list-style-type: square;\">\n<li><span style=\"font-size: 12pt;\">Relieves neck and back tension<\/span><\/li>\n<li><span style=\"font-size: 12pt;\">Removes headaches, stomach aches, joints and muscles<\/span><\/li>\n<li><span style=\"font-size: 12pt;\">Regulates metabolism<\/span><\/li>\n<li><span style=\"font-size: 12pt;\">Relieves from cramps of the lower abdomen<\/span><\/li>\n<li><span style=\"font-size: 12pt;\">Calms down and deepens the breathing<\/span><\/li>\n<li><span style=\"font-size: 12pt;\">Improves the ability to concentrate<\/span><\/li>\n<li><span style=\"font-size: 12pt;\">Helps you to move smoothly and stress-free through all phases of labor<\/span><\/li>\n<\/ul>\n<p>&nbsp;<\/p>\n<p><span style=\"font-size: 12pt;\">Sound massage in various types of therapies, including psychotherapy, turns out to be a great method of deeply relaxing the client in a relatively short time. After or during the procedure, the client can enter a given therapeutic process thanks to the use of sound and other therapeutic methods.<\/span><\/p>\n<p><span style=\"font-size: 12pt;\">The person undergoing the massage listens to beautiful sounds, but also feels vibrations in the body. The sounds of bowls bring the body and mind into a state of deep relaxation, the person experiences the moment of being here and now. About 5,000 years ago, sound was used in the Vedic healing arts.<\/span><\/p>\n<p><span style=\"font-size: 12pt;\"><span style=\"font-size: 16px;\">Masa\u017c<\/span> <span style=\"font-size: 16px;\">d\u017awi\u0119kiem<\/span> mis <span style=\"font-size: 16px;\">tybeta\u0144skich<\/span> <span style=\"font-size: 16px;\">by\u0142<\/span> poddany <span style=\"font-size: 16px;\">d\u0142ugoletnim<\/span> badanom niemieckiego fizyka i radiestety Petera Heissa, <span style=\"font-size: 16px;\">kt\u00f3ry<\/span> <span style=\"font-size: 16px;\">wykaza\u0142<\/span> dobroczynne <span style=\"font-size: 16px;\">dzia\u0142anie<\/span> d\u017awi\u0119ku na <span style=\"font-size: 16px;\">cia\u0142o<\/span> i dusze <span style=\"font-size: 16px;\">cz\u0142owieka<\/span>. <span style=\"font-size: 12pt;\">Istota tego <\/span><span style=\"font-size: 16px;\">masa\u017cu<\/span><span style=\"font-size: 12pt;\"> <\/span><span style=\"font-size: 16px;\">le\u017cy<\/span><span style=\"font-size: 12pt;\"> w <\/span><span style=\"font-size: 16px;\">cz\u0119stotliwo\u015bci<\/span><span style=\"font-size: 12pt;\"> <\/span><span style=\"font-size: 16px;\">sound<\/span><span style=\"font-size: 12pt;\"> genrated by the bowls. Waves <\/span><span style=\"font-size: 16px;\">of sound<\/span><span style=\"font-size: 12pt;\"> <\/span><span style=\"font-size: 16px;\">penetrate<\/span><span style=\"font-size: 12pt;\"> <\/span><span style=\"font-size: 16px;\">deeply<\/span><span style=\"font-size: 12pt;\"> the <\/span><span style=\"font-size: 16px;\">body<\/span><span style=\"font-size: 12pt;\"> and <\/span><span style=\"font-size: 16px;\">cause<\/span><span style=\"font-size: 12pt;\"> vibrations <\/span><span style=\"font-size: 16px;\">of cells<\/span><span style=\"font-size: 12pt;\">, these vibrations <\/span><span style=\"font-size: 16px;\">make<\/span><span style=\"font-size: 12pt;\">the <\/span><span style=\"font-size: 16px;\">vibrating<\/span><span style=\"font-size: 12pt;\"> under <\/span><span style=\"font-size: 16px;\">the<\/span><span style=\"font-size: 12pt;\"> stress in <\/span><span style=\"font-size: 16px;\">an inappropriate<\/span><span style=\"font-size: 12pt;\"> rhytm <\/span><span style=\"font-size: 16px;\">cells<\/span><span style=\"font-size: 12pt;\">,  <\/span><span style=\"font-size: 16px;\">regain<\/span><span style=\"font-size: 12pt;\"> <\/span><span style=\"font-size: 16px;\">their<\/span> <span style=\"font-size: 12pt;\">promodial rhytm and<\/span> <span style=\"font-size: 16px;\">frequency<\/span><span style=\"font-size: 12pt;\">. Vibrations of bowls <\/span><span style=\"font-size: 16px;\">put<\/span><span style=\"font-size: 12pt;\"> <\/span><span style=\"font-size: 16px;\">cells<\/span><span style=\"font-size: 12pt;\">in the state of <\/span><span style=\"font-size: 16px;\">balance <\/span><span style=\"font-size: 12pt;\">and <\/span><span style=\"font-size: 16px;\">eliminate<\/span><span style=\"font-size: 12pt;\"> <\/span><span style=\"font-size: 16px;\">tension:<\/span> <span style=\"font-size: 12pt;\">physical and emotional.<\/span><\/span><\/p>\n<p><span style=\"font-size: 12pt;\">A relaxing sound massage of the whole body lasts approx. 40-60 minutes. The standard procedure is performed lying down. The standard procedure is performed lying down. Mo\u017ce te\u017c siedzie\u0107 podczas sesji lub le\u017ce\u0107 tylko na plecach. During the procedure, the bowls are placed in various places all over the body, next to the body or led over it, so that the whole body is subjected to harmonious vibration. The sounds are extracted from the bowls with the help of special felt sticks. During the treatment, the masseur pays a lot of attention to places where a lot of tension usually accumulates. These are: the back, especially the lumbar spine, shoulders and neck, as well as the solar plexus and abdomen.<\/span><\/p>\n<p>&nbsp;<\/p>\n<p style=\"text-align: center;\"><span style=\"font-size: 12pt;\"><strong>You do not need to undress for the procedure, you just need to make sure that the outfit is comfortable, soft, preferably without buttons and metal elements that would touch the bowls during the massage, disturbing their sound. <\/strong><\/span><\/p>\n<p>&nbsp;<\/p>\n<p style=\"text-align: center;\"><span style=\"font-size: 12pt;\">Sound massage is not performed on people with implanted electronic devices, for example a pacemaker, and cautious use is recommended for people with neurological problems. In case of pregnancy, it should not be used for the first three months, and for the next six months, the area around the cross should not be massaged.<\/span><\/p>\n<p style=\"text-align: center;\"><strong><br \/><span style=\"font-size: 14pt;\">Versatility of use<\/span><\/strong><\/p>\n<p><span style=\"font-size: 12pt;\">Sound massage has an extremely wide range of applications &#8211; it is successfully used in biological regeneration and cosmetology, in work with children in kindergartens and schools, in work with disabled people, in nursing homes, hospices, sanatoriums, etc. It is a great help for women expecting a baby &#8211; during pregnancy and childbirth. Therapeutic sound massage, performed by doctors and therapists, supports conventional methods of treatment.<\/span><\/p>\n<p>See also <a href=\"https:\/\/www.terapiaczakr.pl\/en\/chakra-therapy\/\">the chakra therapy &gt;&gt;<\/a> <\/p>\n<p>[\/et_pb_text][et_pb_image src=&#8221;https:\/\/www.terapiaczakr.pl\/wp-content\/uploads\/2022\/07\/Feroz4.jpg&#8221; align=&#8221;center&#8221; _builder_version=&#8221;3.27.2&#8243; max_height=&#8221;400px&#8221; _i=&#8221;3&#8243; _address=&#8221;0.0.0.3&#8243;][\/et_pb_image][et_pb_code _builder_version=&#8221;3.27.2&#8243; _i=&#8221;4&#8243; _address=&#8221;0.0.0.4&#8243;]<div id=\"footable_parent_686\"\n         class=\" footable_parent ninja_table_wrapper loading_ninja_table wp_table_data_press_parent semantic_ui \">\n                <table data-ninja_table_instance=\"ninja_table_instance_0\" data-footable_id=\"686\" data-filter-delay=\"1000\" aria-label=\"Terapia D\u017awi\u0119kiem\"            id=\"footable_686\"\n           data-unique_identifier=\"ninja_table_unique_id_3243577398_686\"\n           class=\" foo-table ninja_footable foo_table_686 ninja_table_unique_id_3243577398_686 ui table  nt_type_ajax_table selectable striped vertical_centered  footable-paging-right ninja_table_search_disabled\">\n                <colgroup>\n                            <col class=\"ninja_column_0 \">\n                            <col class=\"ninja_column_1 \">\n                    <\/colgroup>\n            <\/table>\n    \n    \n    \n<\/div>\n[\/et_pb_code][\/et_pb_column][\/et_pb_row][\/et_pb_section][et_pb_section fb_built=&#8221;1&#8243; _builder_version=&#8221;3.27.2&#8243; _i=&#8221;1&#8243; _address=&#8221;1&#8243;][et_pb_row column_structure=&#8221;1_3,1_3,1_3&#8243; _builder_version=&#8221;3.27.2&#8243; _i=&#8221;0&#8243; _address=&#8221;1.0&#8243;][et_pb_column type=&#8221;1_3&#8243; _builder_version=&#8221;3.27.2&#8243; _i=&#8221;0&#8243; _address=&#8221;1.0.0&#8243;][et_pb_blurb use_icon=&#8221;on&#8221; font_icon=&#8221;%%122%%&#8221; icon_color=&#8221;#ffffff&#8221; use_circle=&#8221;on&#8221; circle_color=&#8221;#cf5c36&#8243; _builder_version=&#8221;3.27.2&#8243; body_text_color=&#8221;#000000&#8243; body_line_height=&#8221;1em&#8221; _i=&#8221;0&#8243; _address=&#8221;1.0.0.0&#8243;]<\/p>\n<p style=\"text-align: center;\"><span style=\"font-size: 14pt;\"><strong>Feroz Ranzoo<\/strong><\/span><\/p>\n<p style=\"text-align: center;\"><span style=\"font-size: 14pt;\"><strong>Str. Mi\u0119dzyborska 106<\/strong><\/span><\/p>\n<p style=\"text-align: center;\"><span style=\"font-size: 14pt;\"><strong>04-010 Warsaw<\/strong><\/span><\/p>\n<p>[\/et_pb_blurb][\/et_pb_column][et_pb_column type=&#8221;1_3&#8243; _builder_version=&#8221;3.27.2&#8243; _i=&#8221;1&#8243; _address=&#8221;1.0.1&#8243;][et_pb_blurb use_icon=&#8221;on&#8221; font_icon=&#8221;%%104%%&#8221; icon_color=&#8221;#ffffff&#8221; use_circle=&#8221;on&#8221; circle_color=&#8221;#cf5c36&#8243; _builder_version=&#8221;3.27.2&#8243; body_text_color=&#8221;#000000&#8243; body_line_height=&#8221;1em&#8221; border_width_right=&#8221;5px&#8221; border_color_right=&#8221;#cf5c36&#8243; border_width_left=&#8221;5px&#8221; border_color_left=&#8221;#cf5c36&#8243; _i=&#8221;0&#8243; _address=&#8221;1.0.1.0&#8243;]<\/p>\n<p style=\"text-align: center;\"><span style=\"color: #000000;\"><a style=\"color: #000000;\" href=\"tel:+48790693638\"><span style=\"font-size: 14pt;\"><strong>+48 790 693 638 (EN)<\/strong><\/span><\/a><\/span><\/p>\n<p>[\/et_pb_blurb][\/et_pb_column][et_pb_column type=&#8221;1_3&#8243; _builder_version=&#8221;3.27.2&#8243; _i=&#8221;2&#8243; _address=&#8221;1.0.2&#8243;][et_pb_blurb use_icon=&#8221;on&#8221; font_icon=&#8221;%%291%%&#8221; icon_color=&#8221;#ffffff&#8221; use_circle=&#8221;on&#8221; circle_color=&#8221;#cf5c36&#8243; _builder_version=&#8221;3.27.2&#8243; body_text_color=&#8221;#000000&#8243; body_line_height=&#8221;1em&#8221; _i=&#8221;0&#8243; _address=&#8221;1.0.2.0&#8243;]<\/p>\n<p style=\"text-align: center;\"><strong><span style=\"color: #000000; font-size: 14pt;\"><a style=\"color: #000000;\" href=\"https:\/\/www.facebook.com\/terapiaczakrpl-467129180152972\/\" target=\"_blank\" rel=\"noopener noreferrer\">Facebook<\/a><\/span><\/strong><\/p>\n<p>[\/et_pb_blurb][\/et_pb_column][\/et_pb_row][\/et_pb_section]<\/p>\n","protected":false},"excerpt":{"rendered":"<p>[et_pb_section fb_built=&#8221;1&#8243; _builder_version=&#8221;3.27.2&#8243; custom_css_main_element=&#8221;padding-top: 0px !important;&#8221; _i=&#8221;0&#8243; _address=&#8221;0&#8243;][et_pb_row _builder_version=&#8221;3.27.2&#8243; custom_css_main_element=&#8221;padding-top: 0 !important;&#8221; _i=&#8221;0&#8243; _address=&#8221;0.0&#8243;][et_pb_column type=&#8221;4_4&#8243; _builder_version=&#8221;3.27.2&#8243; _i=&#8221;0&#8243; _address=&#8221;0.0.0&#8243;][et_pb_image src=&#8221;https:\/\/www.terapiaczakr.pl\/wp-content\/uploads\/2022\/07\/Feroz3.jpg&#8221; align=&#8221;center&#8221; admin_label=&#8221;Obraz&#8221; _builder_version=&#8221;3.27.2&#8243; max_height=&#8221;500px&#8221; _i=&#8221;0&#8243; _address=&#8221;0.0.0.0&#8243;][\/et_pb_image][et_pb_text _builder_version=&#8221;3.27.2&#8243; _i=&#8221;1&#8243; _address=&#8221;0.0.0.1&#8243;] MEDITATION AND SOUND MASSAGE WITH TIBETAN BOWLS [\/et_pb_text][et_pb_text _builder_version=&#8221;3.27.2&#8243; text_font=&#8221;Lato||||||||&#8221; hover_enabled=&#8221;0&#8243; _i=&#8221;2&#8243; _address=&#8221;0.0.0.2&#8243;] In case of a healthy person, sound massage supports the development of internal harmony [&hellip;]<\/p>\n","protected":false},"author":1,"featured_media":0,"parent":0,"menu_order":0,"comment_status":"closed","ping_status":"closed","template":"","meta":{"_et_pb_use_builder":"on","_et_pb_old_content":"","footnotes":""},"class_list":["post-225484","page","type-page","status-publish","hentry"],"aioseo_notices":[],"_links":{"self":[{"href":"https:\/\/www.terapiaczakr.pl\/en\/wp-json\/wp\/v2\/pages\/225484","targetHints":{"allow":["GET"]}}],"collection":[{"href":"https:\/\/www.terapiaczakr.pl\/en\/wp-json\/wp\/v2\/pages"}],"about":[{"href":"https:\/\/www.terapiaczakr.pl\/en\/wp-json\/wp\/v2\/types\/page"}],"author":[{"embeddable":true,"href":"https:\/\/www.terapiaczakr.pl\/en\/wp-json\/wp\/v2\/users\/1"}],"replies":[{"embeddable":true,"href":"https:\/\/www.terapiaczakr.pl\/en\/wp-json\/wp\/v2\/comments?post=225484"}],"version-history":[{"count":1,"href":"https:\/\/www.terapiaczakr.pl\/en\/wp-json\/wp\/v2\/pages\/225484\/revisions"}],"predecessor-version":[{"id":225579,"href":"https:\/\/www.terapiaczakr.pl\/en\/wp-json\/wp\/v2\/pages\/225484\/revisions\/225579"}],"wp:attachment":[{"href":"https:\/\/www.terapiaczakr.pl\/en\/wp-json\/wp\/v2\/media?parent=225484"}],"curies":[{"name":"wp","href":"https:\/\/api.w.org\/{rel}","templated":true}]}}