{"id":225490,"date":"2019-08-28T19:56:50","date_gmt":"2019-08-28T18:56:50","guid":{"rendered":"https:\/\/www.terapiaczakr.pl\/balinese-massage\/"},"modified":"2019-08-28T19:56:50","modified_gmt":"2019-08-28T18:56:50","slug":"balinese-massage","status":"publish","type":"page","link":"https:\/\/www.terapiaczakr.pl\/en\/balinese-massage\/","title":{"rendered":"Balinese massage"},"content":{"rendered":"<p>[et_pb_section fb_built=&#8221;1&#8243; _builder_version=&#8221;3.27.2&#8243; custom_css_main_element=&#8221;padding-top: 0px !important;&#8221; _i=&#8221;0&#8243; _address=&#8221;0&#8243;][et_pb_row column_structure=&#8221;1_3,1_3,1_3&#8243; admin_label=&#8221;Wiersz&#8221; _builder_version=&#8221;3.27.2&#8243; _i=&#8221;0&#8243; _address=&#8221;0.0&#8243;][et_pb_column type=&#8221;1_3&#8243; _builder_version=&#8221;3.27.2&#8243; _i=&#8221;0&#8243; _address=&#8221;0.0.0&#8243;][\/et_pb_column][et_pb_column type=&#8221;1_3&#8243; _builder_version=&#8221;3.27.2&#8243; _i=&#8221;1&#8243; _address=&#8221;0.0.1&#8243;][et_pb_gallery gallery_ids=&#8221;824&#8243; _builder_version=&#8221;3.27.2&#8243; _i=&#8221;0&#8243; _address=&#8221;0.0.1.0&#8243;][\/et_pb_gallery][\/et_pb_column][et_pb_column type=&#8221;1_3&#8243; _builder_version=&#8221;3.27.2&#8243; _i=&#8221;2&#8243; _address=&#8221;0.0.2&#8243;][\/et_pb_column][\/et_pb_row][et_pb_row _builder_version=&#8221;3.27.2&#8243; custom_css_main_element=&#8221;padding-top: 0 !important;&#8221; _i=&#8221;1&#8243; _address=&#8221;0.1&#8243;][et_pb_column type=&#8221;4_4&#8243; _builder_version=&#8221;3.27.2&#8243; _i=&#8221;0&#8243; _address=&#8221;0.1.0&#8243;][et_pb_text _builder_version=&#8221;3.27.2&#8243; _i=&#8221;0&#8243; _address=&#8221;0.1.0.0&#8243;]<\/p>\n<p style=\"text-align: center;\"><span style=\"font-size: 24pt;\"><strong>BALINESE MASSAGE<\/strong><\/span><\/p>\n<p>[\/et_pb_text][et_pb_text _builder_version=&#8221;3.27.2&#8243; text_font=&#8221;Lato||||||||&#8221; hover_enabled=&#8221;0&#8243; _i=&#8221;1&#8243; _address=&#8221;0.1.0.1&#8243;]<\/p>\n<p><span style=\"font-size: 12pt;\"><strong>DEEP RELAXATION AND STRESS REDUCTION<\/strong><br \/>Balinese massage is an ancient Indonesian massage that combines elements of acupressure. It makes you feel deep relaxation of the body and soul, hence it is one of the most relaxing and stress-reducing oriental massages. <\/span><\/p>\n<p><span style=\"font-size: 12pt;\">It is based on deep interaction with the hands. The masseur presses in the right places, which improves the flow of blood and lymph, allowing the free flow of energy. Thus bringing about an energy balance in the body. The treatment is performed using our branded oils &#8211; deeply moisturizing the skin. Perfectly suited to the harmonious sounds in the massage room, which improves your well-being like never before.<\/span><\/p>\n<p><strong>FOR WHO:<\/strong><\/p>\n<ul style=\"list-style-type: circle;\">\n<li><span style=\"font-size: 12pt;\">You feel your body needs stretching<\/span><\/li>\n<li><span style=\"font-size: 12pt;\">You suffer from insomnia,<\/span><\/li>\n<li><span style=\"font-size: 12pt;\">You lead a sedentary lifestyle,<\/span><\/li>\n<li><span style=\"font-size: 12pt;\">You are under stress.<\/span><\/li>\n<\/ul>\n<p><strong>RESULTS:<\/strong><\/p>\n<ul style=\"list-style-type: circle;\">\n<li><span style=\"font-size: 12pt;\">Improves blood and lymph circulation,<\/span><\/li>\n<li><span style=\"font-size: 12pt;\">Relieves stress and tension,<\/span><\/li>\n<li><span style=\"font-size: 12pt;\">Improves the quality of sleep,<\/span><\/li>\n<li><span style=\"font-size: 12pt;\">Deeply de-stresses and relaxes,<\/span><\/li>\n<li><span style=\"font-size: 12pt;\">It improves mood and well-being,<\/span><\/li>\n<li><span style=\"font-size: 12pt;\">Supports detoxification,<\/span><\/li>\n<li><span style=\"font-size: 12pt;\">Relieves migraine headaches,<\/span><\/li>\n<li><span style=\"font-size: 12pt;\">Moisturizes and cares for the skin,<\/span><\/li>\n<li><span style=\"font-size: 12pt;\">Supports rehabilitation.<\/span><\/li>\n<\/ul>\n<p><a href=\"https:\/\/www.terapiaczakr.pl\/en\/ayurvedic-massage\/\">We also recommend Ayurvedic massage &gt;&gt;<\/a><\/p>\n<p>[\/et_pb_text][et_pb_code _builder_version=&#8221;3.27.2&#8243; _i=&#8221;2&#8243; _address=&#8221;0.1.0.2&#8243;]<div id=\"footable_parent_690\"\n         class=\" footable_parent ninja_table_wrapper loading_ninja_table wp_table_data_press_parent semantic_ui \">\n                <table data-ninja_table_instance=\"ninja_table_instance_0\" data-footable_id=\"690\" data-filter-delay=\"1000\" aria-label=\"Masa\u017c Tkanek G\u0142\u0119bokich\"            id=\"footable_690\"\n           data-unique_identifier=\"ninja_table_unique_id_2446690468_690\"\n           class=\" foo-table ninja_footable foo_table_690 ninja_table_unique_id_2446690468_690 ui table  nt_type_ajax_table selectable striped vertical_centered  footable-paging-right ninja_table_search_disabled\">\n                <colgroup>\n                            <col class=\"ninja_column_0 \">\n                            <col class=\"ninja_column_1 \">\n                    <\/colgroup>\n            <\/table>\n    \n    \n    \n<\/div>\n[\/et_pb_code][\/et_pb_column][\/et_pb_row][\/et_pb_section][et_pb_section fb_built=&#8221;1&#8243; _builder_version=&#8221;3.27.2&#8243; _i=&#8221;1&#8243; _address=&#8221;1&#8243;][et_pb_row column_structure=&#8221;1_3,1_3,1_3&#8243; _builder_version=&#8221;3.27.2&#8243; _i=&#8221;0&#8243; _address=&#8221;1.0&#8243;][et_pb_column type=&#8221;1_3&#8243; _builder_version=&#8221;3.27.2&#8243; _i=&#8221;0&#8243; _address=&#8221;1.0.0&#8243;][et_pb_blurb use_icon=&#8221;on&#8221; font_icon=&#8221;%%122%%&#8221; icon_color=&#8221;#ffffff&#8221; use_circle=&#8221;on&#8221; circle_color=&#8221;#cf5c36&#8243; _builder_version=&#8221;3.27.2&#8243; body_text_color=&#8221;#000000&#8243; body_line_height=&#8221;1em&#8221; _i=&#8221;0&#8243; _address=&#8221;1.0.0.0&#8243;]<\/p>\n<p style=\"text-align: center;\"><span style=\"font-size: 14pt;\"><strong>Feroz Ranzoo<\/strong><\/span><\/p>\n<p style=\"text-align: center;\"><span style=\"font-size: 10pt;\"><strong>Current address<\/strong><\/span><\/p>\n<p style=\"text-align: center;\"><span style=\"font-size: 14pt;\"><strong>Str. Mi\u0119dzyborska 106<\/strong><\/span><\/p>\n<p style=\"text-align: center;\"><span style=\"font-size: 14pt;\"><strong>04-010<\/strong><\/span><\/p>\n<p style=\"text-align: center;\"><span style=\"font-size: 14pt;\"><strong>Warsaw<\/strong><\/span><\/p>\n<p>[\/et_pb_blurb][\/et_pb_column][et_pb_column type=&#8221;1_3&#8243; _builder_version=&#8221;3.27.2&#8243; _i=&#8221;1&#8243; _address=&#8221;1.0.1&#8243;][et_pb_blurb use_icon=&#8221;on&#8221; font_icon=&#8221;%%104%%&#8221; icon_color=&#8221;#ffffff&#8221; use_circle=&#8221;on&#8221; circle_color=&#8221;#cf5c36&#8243; _builder_version=&#8221;3.27.2&#8243; body_text_color=&#8221;#000000&#8243; body_line_height=&#8221;1em&#8221; border_width_right=&#8221;5px&#8221; border_color_right=&#8221;#cf5c36&#8243; border_width_left=&#8221;5px&#8221; border_color_left=&#8221;#cf5c36&#8243; _i=&#8221;0&#8243; _address=&#8221;1.0.1.0&#8243;]<\/p>\n<p style=\"text-align: center;\"><span style=\"color: #000000;\"><a style=\"color: #000000;\" href=\"tel:+48790693638\"><span style=\"font-size: 14pt;\"><strong>+48 790 693 638 (EN)<\/strong><\/span><\/a><\/span><\/p>\n<p>[\/et_pb_blurb][\/et_pb_column][et_pb_column type=&#8221;1_3&#8243; _builder_version=&#8221;3.27.2&#8243; _i=&#8221;2&#8243; _address=&#8221;1.0.2&#8243;][et_pb_blurb use_icon=&#8221;on&#8221; font_icon=&#8221;%%291%%&#8221; icon_color=&#8221;#ffffff&#8221; use_circle=&#8221;on&#8221; circle_color=&#8221;#cf5c36&#8243; _builder_version=&#8221;3.27.2&#8243; body_text_color=&#8221;#000000&#8243; body_line_height=&#8221;1em&#8221; _i=&#8221;0&#8243; _address=&#8221;1.0.2.0&#8243;]<\/p>\n<p style=\"text-align: center;\"><strong><span style=\"color: #000000; font-size: 14pt;\"><a style=\"color: #000000;\" href=\"https:\/\/www.facebook.com\/terapiaczakrpl-467129180152972\/\" target=\"_blank\" rel=\"noopener noreferrer\">Facebook<\/a><\/span><\/strong><\/p>\n<p>[\/et_pb_blurb][\/et_pb_column][\/et_pb_row][\/et_pb_section]<\/p>\n","protected":false},"excerpt":{"rendered":"<p>[et_pb_section fb_built=&#8221;1&#8243; _builder_version=&#8221;3.27.2&#8243; custom_css_main_element=&#8221;padding-top: 0px !important;&#8221; _i=&#8221;0&#8243; _address=&#8221;0&#8243;][et_pb_row column_structure=&#8221;1_3,1_3,1_3&#8243; admin_label=&#8221;Wiersz&#8221; _builder_version=&#8221;3.27.2&#8243; _i=&#8221;0&#8243; _address=&#8221;0.0&#8243;][et_pb_column type=&#8221;1_3&#8243; _builder_version=&#8221;3.27.2&#8243; _i=&#8221;0&#8243; _address=&#8221;0.0.0&#8243;][\/et_pb_column][et_pb_column type=&#8221;1_3&#8243; _builder_version=&#8221;3.27.2&#8243; _i=&#8221;1&#8243; _address=&#8221;0.0.1&#8243;][et_pb_gallery gallery_ids=&#8221;824&#8243; _builder_version=&#8221;3.27.2&#8243; _i=&#8221;0&#8243; _address=&#8221;0.0.1.0&#8243;][\/et_pb_gallery][\/et_pb_column][et_pb_column type=&#8221;1_3&#8243; _builder_version=&#8221;3.27.2&#8243; _i=&#8221;2&#8243; _address=&#8221;0.0.2&#8243;][\/et_pb_column][\/et_pb_row][et_pb_row _builder_version=&#8221;3.27.2&#8243; custom_css_main_element=&#8221;padding-top: 0 !important;&#8221; _i=&#8221;1&#8243; _address=&#8221;0.1&#8243;][et_pb_column type=&#8221;4_4&#8243; _builder_version=&#8221;3.27.2&#8243; _i=&#8221;0&#8243; _address=&#8221;0.1.0&#8243;][et_pb_text _builder_version=&#8221;3.27.2&#8243; _i=&#8221;0&#8243; _address=&#8221;0.1.0.0&#8243;] BALINESE MASSAGE [\/et_pb_text][et_pb_text _builder_version=&#8221;3.27.2&#8243; text_font=&#8221;Lato||||||||&#8221; hover_enabled=&#8221;0&#8243; _i=&#8221;1&#8243; _address=&#8221;0.1.0.1&#8243;] DEEP RELAXATION AND STRESS REDUCTIONBalinese [&hellip;]<\/p>\n","protected":false},"author":1,"featured_media":0,"parent":0,"menu_order":0,"comment_status":"closed","ping_status":"closed","template":"","meta":{"_et_pb_use_builder":"on","_et_pb_old_content":"","footnotes":""},"class_list":["post-225490","page","type-page","status-publish","hentry"],"aioseo_notices":[],"_links":{"self":[{"href":"https:\/\/www.terapiaczakr.pl\/en\/wp-json\/wp\/v2\/pages\/225490","targetHints":{"allow":["GET"]}}],"collection":[{"href":"https:\/\/www.terapiaczakr.pl\/en\/wp-json\/wp\/v2\/pages"}],"about":[{"href":"https:\/\/www.terapiaczakr.pl\/en\/wp-json\/wp\/v2\/types\/page"}],"author":[{"embeddable":true,"href":"https:\/\/www.terapiaczakr.pl\/en\/wp-json\/wp\/v2\/users\/1"}],"replies":[{"embeddable":true,"href":"https:\/\/www.terapiaczakr.pl\/en\/wp-json\/wp\/v2\/comments?post=225490"}],"version-history":[{"count":0,"href":"https:\/\/www.terapiaczakr.pl\/en\/wp-json\/wp\/v2\/pages\/225490\/revisions"}],"wp:attachment":[{"href":"https:\/\/www.terapiaczakr.pl\/en\/wp-json\/wp\/v2\/media?parent=225490"}],"curies":[{"name":"wp","href":"https:\/\/api.w.org\/{rel}","templated":true}]}}