{"id":225537,"date":"2019-09-11T20:07:28","date_gmt":"2019-09-11T19:07:28","guid":{"rendered":"https:\/\/www.terapiaczakr.pl\/scio-bioresonance\/"},"modified":"2026-04-13T20:58:25","modified_gmt":"2026-04-13T19:58:25","slug":"scio-bioresonance","status":"publish","type":"page","link":"https:\/\/www.terapiaczakr.pl\/en\/scio-bioresonance\/","title":{"rendered":"SCIO &#8211; BIORESONANCE"},"content":{"rendered":"<p>[et_pb_section fb_built=&#8221;1&#8243; _builder_version=&#8221;3.27.2&#8243; custom_css_main_element=&#8221;padding-top: 0px !important;&#8221; _i=&#8221;0&#8243; _address=&#8221;0&#8243;][et_pb_row _builder_version=&#8221;3.27.2&#8243; custom_css_main_element=&#8221;padding-top: 0 !important;&#8221; _i=&#8221;0&#8243; _address=&#8221;0.0&#8243;][et_pb_column type=&#8221;4_4&#8243; _builder_version=&#8221;3.27.2&#8243; _i=&#8221;0&#8243; _address=&#8221;0.0.0&#8243;][et_pb_image src=&#8221;https:\/\/terapiaczakr.pl\/wp-content\/uploads\/2019\/09\/SCIO-min.jpg&#8221; align=&#8221;center&#8221; admin_label=&#8221;Obraz&#8221; _builder_version=&#8221;3.27.2&#8243; max_height=&#8221;500px&#8221; _i=&#8221;0&#8243; _address=&#8221;0.0.0.0&#8243;][\/et_pb_image][et_pb_text admin_label=&#8221;Tekst&#8221; _builder_version=&#8221;3.27.2&#8243; _i=&#8221;1&#8243; _address=&#8221;0.0.0.1&#8243;]<\/p>\n<p style=\"text-align: center;\"><span style=\"font-size: 24pt;\"><b>DIAGNOZA I TERAPIA URZ\u0104DZENIEM SCIO\u200b- BIOREZONANS<\/b><\/span><\/p>\n<p>[\/et_pb_text][et_pb_text _builder_version=&#8221;3.27.2&#8243; text_font=&#8221;Lato||||||||&#8221; _i=&#8221;2&#8243; _address=&#8221;0.0.0.2&#8243;]<\/p>\n<p><span style=\"font-size: 12pt;\">The history of scientific research on SCIO dates back to the 1960s, when research on devices scanning the body and transmitting biological feedback (the so-called biofeedback) began. In 1989, prof. William Nelson proved that an electrophysiological device can communicate with the patient by interacting with electric charges present in the body and the central nervous system<\/span><\/p>\n<p><span style=\"font-size: 12pt;\"><strong>SCIO<\/strong> (Scientific Consciousness Interface Operations System) jest nowoczesnym urz\u0105dzeniem diagnostycznoterapeutycznym, wykorzystuj\u0105cym odkrycia naukowe, kt\u00f3re udowadniaj\u0105, \u017ce wszystkie cz\u0119stotliwo\u015bci organizmu \u017cywego mo\u017cna odczyta\u0107 przez program komputerowy jako impulsy elektryczne. SCIO balances unfavorable frequencies using the reverse frequency and thus eliminates the anomaly and stimulates the body&#8217;s renewal processes. SCIO has a European medical certificate of class II A, in accordance with the EC directive 93\/42 \/ EEC and is recognized in the world of science and medicine. It scans the body on 11,000 pieces of health information. It indicates the therapies most needed and effective for regaining health and balance. It helps to balance the work of the whole organism, reducing stress and supporting the elimination of the causes of diseases and disorders, and stimulating self-renewal processes. It is an excellent support and complement to traditional methods of treatment.<\/span><\/p>\n<p style=\"text-align: center;\"><span style=\"font-size: 14pt;\"><strong>HOW DOES SCIO WORK?<\/strong><\/span><\/p>\n<p><span style=\"font-size: 12pt;\">During diagnostics and therapy, the client lies comfortably on the couch and is connected to the device by electrodes that are attached to the ankles, wrists and head. The SCIO device scans the body with electromagnetic waves and the information from the scanning is processed by the Eductor 64 medical program, the data from this program is analyzed by the therapist.<\/span><\/p>\n<p><span style=\"font-size: 12pt;\">Stress for the body is also an incorrect diet, harmful lifestyle, too little sleep, overwork, long-term pharmacological treatment and many other factors, the impact of which can be eliminated thanks to SCIO therapies.<\/span><\/p>\n<p><span style=\"font-size: 12pt;\">SCIO stimulates the natural, innate ability of cells to regenerate, which, combined with stimulating detoxification processes and strengthening immunity, slows down the aging process of the body, neutralizes the impact of stress on the body, i.e. removes the main pathogen.<\/span><\/p>\n<p><span style=\"font-size: 12pt;\">SCIO therapy targets the cause of ailments directly and removes it. You should be aware that in order to fully recover, one therapy is not enough, because we work with the disease for several to several dozen years. With each therapy, a test is made and the therapist sees the state of the body, so the therapy is selected on an ongoing basis and each subsequent therapy goes deeper. We should also remember that SCIO stimulates, cleans and regenerates our body, but if our lifestyle has led us to a disease, without changing it, the effect of the therapy will be short-lived.<\/span><\/p>\n<p><span style=\"font-size: 12pt;\">SCIO IS PREVENTION AND RETURN TO HEALTH.<\/span><\/p>\n<p style=\"text-align: center;\"><span style=\"font-size: 14pt;\">SCIO DIAGNOSTICS &#8211; <strong>HOW DOES IT LOOK LIKE?<\/strong><\/span><\/p>\n<p><span style=\"font-size: 12pt;\">SCIO diagnostics checks the current parameters of the body and reveals the early stage of any changes in the body that, if neglected, lead to diseases and ailments, thanks to this diagnosis it is possible to improve the quality of life, maintain health or recover.<\/span><\/p>\n<ul>\n<li><span style=\"font-size: 12pt;\">brain state<\/span><\/li>\n<li><span style=\"font-size: 12pt;\">state of emotions<\/span><\/li>\n<li><span style=\"font-size: 12pt;\">the content of vitamins, minerals, amino acids, enzymes,<\/span><\/li>\n<li><span style=\"font-size: 12pt;\">hormonal and enzymatic regulation<\/span><\/li>\n<li><span style=\"font-size: 12pt;\">the presence of pathogens such as fungi, bacteria, viruses, parasitesy<\/span><\/li>\n<li><span style=\"font-size: 12pt;\">allergens<\/span><\/li>\n<li><span style=\"font-size: 12pt;\">toxin load on the body<\/span><\/li>\n<li><span style=\"font-size: 12pt;\">weakening or overstraining of internal organs<\/span><\/li>\n<li><span style=\"font-size: 12pt;\">blockages in the area of the locomotor system<\/span><\/li>\n<li><span style=\"font-size: 12pt;\">causes of diseases and disorders of the body<\/span><\/li>\n<li><span style=\"font-size: 12pt;\">stress level<\/span><\/li>\n<li><span style=\"font-size: 12pt;\">hydration of the body<\/span><\/li>\n<li><span style=\"font-size: 12pt;\">tissue oxygenation<\/span><\/li>\n<li><span style=\"font-size: 12pt;\">acid-base balance<\/span><\/li>\n<\/ul>\n<p style=\"text-align: center;\"><span style=\"font-size: 14pt;\">SCIO BIOFEEDBACK THERAPY <strong>EFFECTS<\/strong>:<\/span><\/p>\n<ul>\n<li><span style=\"font-size: 12pt;\">strengthening the immune system<\/span><\/li>\n<li><span style=\"font-size: 12pt;\">hormonal and enzymatic balance<\/span><\/li>\n<li><span style=\"font-size: 12pt;\">accelerating the treatment of injuries and injuries<\/span><\/li>\n<li><span style=\"font-size: 12pt;\">increasing the body&#8217;s efficiency<\/span><\/li>\n<li><span style=\"font-size: 12pt;\">pain reduction<\/span><\/li>\n<li><span style=\"font-size: 12pt;\">strengthening of internal organs<\/span><\/li>\n<li><span style=\"font-size: 12pt;\">mobilization of all systemic systems to work properly<\/span><\/li>\n<li><span style=\"font-size: 12pt;\">stimulation of hematopoietic processes<\/span><\/li>\n<li><span style=\"font-size: 12pt;\">supporting the detoxification of the body<\/span><\/li>\n<li><span style=\"font-size: 12pt;\">activation of natural regeneration processes<\/span><\/li>\n<li><span style=\"font-size: 12pt;\">acceleration of skin regeneration &#8211; rejuvenation effect<\/span><\/li>\n<li><span style=\"font-size: 12pt;\">reduction of emotional and intracellular stress<\/span><\/li>\n<li><span style=\"font-size: 12pt;\">improving concentration and accelerating the learning process<\/span><\/li>\n<li><span style=\"font-size: 12pt;\">supporting the fight against insomnia<\/span><\/li>\n<li><span style=\"font-size: 12pt;\">improved well-being<\/span><\/li>\n<li><span style=\"font-size: 12pt;\">increased vitality of the body<\/span><\/li>\n<li><span style=\"font-size: 12pt;\">lucid dreaming<\/span><\/li>\n<\/ul>\n<p><span style=\"font-size: 12pt;\">There are many more effects of SCIO biofeedback therapy, they depend on the therapeutic program, selected according to the client&#8217;s needs after the diagnosis of SCIO and an interview by the therapist. To supplement SCIO therapy, the therapist recommends additional natural treatments and dietary guidelines to support the body.<\/span><\/p>\n<p style=\"text-align: center;\"><span style=\"font-size: 14pt;\"><strong>SCIO<\/strong>THERAPIES:<\/span><\/p>\n<ul>\n<li><span style=\"font-size: 12pt;\">SCIO anti-pathogens (worms, viruses, fungi, bacteria)<\/span><\/li>\n<li><span style=\"font-size: 12pt;\">SCIO anti-allergy<\/span><\/li>\n<li><span style=\"font-size: 12pt;\">SCIO detox and blood regeneration<\/span><\/li>\n<li><span style=\"font-size: 12pt;\">SCIO lymph stimulation<\/span><\/li>\n<li><span style=\"font-size: 12pt;\">anti inflammatory SCIO<\/span><\/li>\n<li><span style=\"font-size: 12pt;\">SCIO slimming<\/span><\/li>\n<li><span style=\"font-size: 12pt;\">SCIO against pain<\/span><\/li>\n<li><span style=\"font-size: 12pt;\">detox SCIO<\/span><\/li>\n<li><span style=\"font-size: 12pt;\">SCIO regeneration of organs<\/span><\/li>\n<\/ul>\n<p><span style=\"font-size: 12pt;\">There are many more SCIO biofeedback therapies, they depend on the therapeutic program, selected according to the client&#8217;s needs after SCIO diagnostics and an interview by the therapist. To supplement SCIO therapy, the therapist recommends additional natural treatments and dietary guidelines to support the body.<\/span><\/p>\n<p><span style=\"font-size: 12pt;\"><strong>Therapeutic sessions last about 2,5-3 hours<\/strong> and are very pleasant because the patient is lying down and resting During one session, about 60 therapies that they initiate<\/span><\/p>\n<p><span style=\"font-size: 12pt;\">the main processes of self-healing.<\/span><\/p>\n<p><span style=\"font-size: 12pt;\">Immediately after the therapy, there may be a deterioration in well-being: headaches, drowsiness, weakness, infections less often, so it is important to drink a lot of unsweetened compotes, water with a little rock salt, water with lemon juice, take a bath in a bathtub and add 1-2 kg of salt stone, you should rest for 2-3 days more.<\/span><\/p>\n<p style=\"text-align: center;\"><span style=\"font-size: 14pt;\"><strong>CONTRAINDICATIONS<\/strong> FOR DIAGNOSTICS AND SCIO THERAPY:<\/span><\/p>\n<ul>\n<li><span style=\"font-size: 12pt;\">pacemaker<\/span><\/li>\n<li><span style=\"font-size: 12pt;\">epilepsy<\/span><\/li>\n<li><span style=\"font-size: 12pt;\">heart attack<\/span><\/li>\n<li><span style=\"font-size: 12pt;\">pregnancy<\/span><\/li>\n<\/ul>\n<p style=\"text-align: center;\"><span style=\"font-size: 14pt;\"><strong>HOW TO PREPARE<\/strong>FOR THE SCIO TEST?<\/span><\/p>\n<ul>\n<li><span style=\"font-size: 12pt;\">drink 2 glasses of wate<\/span><\/li>\n<li><span style=\"font-size: 12pt;\">do not drink coffee or tea<\/span><\/li>\n<li><span style=\"font-size: 12pt;\">if possible, avoid taking strong medications on the day of the visit<\/span><\/li>\n<li><span style=\"font-size: 12pt;\">do not drink alcohol the day before and on the day of the visit<\/span><\/li>\n<\/ul>\n<h3 style=\"text-align: center;\"><span style=\"font-size: 14pt;\">SCIENTISTS AND DOCTORS ABOUT BIOFEEDBACK SCIO THERAPY<\/span><\/h3>\n<p style=\"text-align: left;\"><span style=\"font-size: 12pt;\">The popularity of SCIO devices is steadily growing in the world. Doctors are increasingly using the SCIO capabilities to obtain the necessary support in diagnostics and therapy. Of the currently used in the world, approx. 40,000 SCIO devices, approx. 20-25% are used by certified doctors, and 25-30% by therapists and homeopaths. Abroad, medical institutions benefit from the amazing diagnostic and pro-health opportunities of SCIO. The University of Medicine and Pharmacy in Romania offers certified SCIO postgraduate studies conducted by outstanding scientists, including: Dr. Onut Bacean, Dr. Codruta Bacean, Dr. Aurel I. Bacean, Dr. Gokhan Senturk, Dr. Mezei Iosif, Dr. Igor Cetojevic , Dr. Anna Maria Cako, Dr. Matthias Heiliger, Dr. Debbie Drake, Dr. Bacean Aurel, Dr. Sarca Ovidiu. These studies are accredited by the Romanian College of Physicians (Consulting Medical Education).<\/p>\n<p>See also <a href=\"https:\/\/www.terapiaczakr.pl\/terapia-czakr\/\">chakra therapy &gt;&gt;<\/a> <\/span><\/p>\n<p>[\/et_pb_text][et_pb_testimonial _builder_version=&#8221;3.27.2&#8243; _i=&#8221;3&#8243; _address=&#8221;0.0.0.3&#8243;]<\/p>\n<p style=\"text-align: center;\"><span style=\"font-size: 12pt;\">I do not know a more comprehensive, holistic approach. For me, SCIO is the greatest teacher, it keeps telling me something &#8230;<\/span><\/p>\n<p>[\/et_pb_testimonial][et_pb_text _builder_version=&#8221;3.27.2&#8243; _i=&#8221;4&#8243; _address=&#8221;0.0.0.4&#8243;]<\/p>\n<p><span style=\"font-size: 12pt;\">Koncepcja SCIO powsta\u0142a w NASA dla uzdrawiania astronaut\u00f3w w kosmosie.<\/span><\/p>\n<p>&nbsp;<\/p>\n<p style=\"text-align: center;\"><span style=\"font-size: 18pt;\"> <\/span><\/p>\n<p>&nbsp;<\/p>\n<p>[\/et_pb_text][et_pb_code _builder_version=&#8221;3.27.2&#8243; _i=&#8221;5&#8243; _address=&#8221;0.0.0.5&#8243;]<div id=\"footable_parent_829\"\n         class=\" footable_parent ninja_table_wrapper loading_ninja_table wp_table_data_press_parent semantic_ui \">\n                <table data-ninja_table_instance=\"ninja_table_instance_0\" data-footable_id=\"829\" data-filter-delay=\"1000\" aria-label=\"SCIO\"            id=\"footable_829\"\n           data-unique_identifier=\"ninja_table_unique_id_846366410_829\"\n           class=\" foo-table ninja_footable foo_table_829 ninja_table_unique_id_846366410_829 ui table  ninja_search_right nt_type_ajax_table selectable striped vertical_centered  footable-paging-left ninjatable_hide_header_row ninja_table_search_disabled\">\n                <colgroup>\n                            <col class=\"ninja_column_0 \">\n                            <col class=\"ninja_column_1 \">\n                            <col class=\"ninja_column_2 \">\n                    <\/colgroup>\n            <\/table>\n    \n    \n    \n<\/div>\n[\/et_pb_code][\/et_pb_column][\/et_pb_row][et_pb_row column_structure=&#8221;1_2,1_2&#8243; _builder_version=&#8221;3.27.2&#8243; _i=&#8221;1&#8243; _address=&#8221;0.1&#8243;][et_pb_column type=&#8221;1_2&#8243; _builder_version=&#8221;3.27.2&#8243; _i=&#8221;0&#8243; _address=&#8221;0.1.0&#8243;][et_pb_image src=&#8221;https:\/\/www.terapiaczakr.pl\/wp-content\/uploads\/2021\/04\/177935713_464006784823819_5978947267615662934_n.jpg&#8221; align=&#8221;center&#8221; _builder_version=&#8221;3.27.2&#8243; _i=&#8221;0&#8243; _address=&#8221;0.1.0.0&#8243;][\/et_pb_image][\/et_pb_column][et_pb_column type=&#8221;1_2&#8243; _builder_version=&#8221;3.27.2&#8243; _i=&#8221;1&#8243; _address=&#8221;0.1.1&#8243;][et_pb_image src=&#8221;https:\/\/terapiaczakr.pl\/wp-content\/uploads\/2019\/09\/SCIO3-min.jpg&#8221; align=&#8221;center&#8221; _builder_version=&#8221;3.27.2&#8243; _i=&#8221;0&#8243; _address=&#8221;0.1.1.0&#8243;][\/et_pb_image][\/et_pb_column][\/et_pb_row][\/et_pb_section][et_pb_section fb_built=&#8221;1&#8243; _builder_version=&#8221;3.27.2&#8243; _i=&#8221;1&#8243; _address=&#8221;1&#8243;][et_pb_row column_structure=&#8221;1_3,1_3,1_3&#8243; _builder_version=&#8221;3.27.2&#8243; _i=&#8221;0&#8243; _address=&#8221;1.0&#8243;][et_pb_column type=&#8221;1_3&#8243; _builder_version=&#8221;3.27.2&#8243; _i=&#8221;0&#8243; _address=&#8221;1.0.0&#8243;][et_pb_blurb url=&#8221;https:\/\/www.google.com\/maps\/place\/Mi%C4%99dzyborska+106,+04-010+Warszawa\/@52.244212,21.0728718,17z\/data=!3m1!4b1!4m5!3m4!1s0x471ecdb9a4415181:0x11b5280924479d99!8m2!3d52.244212!4d21.0750605&#8243; url_new_window=&#8221;on&#8221; use_icon=&#8221;on&#8221; font_icon=&#8221;%%122%%&#8221; icon_color=&#8221;#ffffff&#8221; use_circle=&#8221;on&#8221; circle_color=&#8221;#cf5c36&#8243; admin_label=&#8221;Notka&#8221; _builder_version=&#8221;3.27.2&#8243; body_text_color=&#8221;#000000&#8243; body_line_height=&#8221;1em&#8221; link_option_url=&#8221;https:\/\/www.google.com\/maps\/place\/Mi%C4%99dzyborska+106,+04-010+Warszawa\/@52.244212,21.0728718,17z\/data=!3m1!4b1!4m5!3m4!1s0x471ecdb9a4415181:0x11b5280924479d99!8m2!3d52.244212!4d21.0750605&#8243; link_option_url_new_window=&#8221;on&#8221; _i=&#8221;0&#8243; _address=&#8221;1.0.0.0&#8243;] <\/p>\n<p style=\"text-align: center;\"><span style=\"font-size: 14pt;\"><strong>Str. Stylowa 18<\/strong><\/span><\/p>\n<p style=\"text-align: center;\"><span style=\"font-size: 14pt;\"><strong>04-650 Wawer<\/strong><\/span><\/p>\n<p style=\"text-align: center;\"><span style=\"font-size: 14pt;\"><strong>Warsaw<\/strong><\/span><\/p>\n<p>[\/et_pb_blurb][\/et_pb_column][et_pb_column type=&#8221;1_3&#8243; _builder_version=&#8221;3.27.2&#8243; _i=&#8221;1&#8243; _address=&#8221;1.0.1&#8243;][et_pb_blurb use_icon=&#8221;on&#8221; font_icon=&#8221;%%104%%&#8221; icon_color=&#8221;#ffffff&#8221; use_circle=&#8221;on&#8221; circle_color=&#8221;#cf5c36&#8243; _builder_version=&#8221;3.27.2&#8243; body_text_color=&#8221;#000000&#8243; body_line_height=&#8221;1em&#8221; border_width_right=&#8221;5px&#8221; border_color_right=&#8221;#cf5c36&#8243; border_width_left=&#8221;5px&#8221; border_color_left=&#8221;#cf5c36&#8243; _i=&#8221;0&#8243; _address=&#8221;1.0.1.0&#8243;]<\/p>\n<p style=\"text-align: center;\"><span style=\"color: #000000;\"><a style=\"color: #000000;\" href=\"tel:+48790693638\"><span style=\"font-size: 14pt;\"><strong>+48 790 693 638<\/strong><\/span><\/a><\/span><\/p>\n<p>[\/et_pb_blurb][\/et_pb_column][et_pb_column type=&#8221;1_3&#8243; _builder_version=&#8221;3.27.2&#8243; _i=&#8221;2&#8243; _address=&#8221;1.0.2&#8243;][et_pb_blurb use_icon=&#8221;on&#8221; font_icon=&#8221;%%291%%&#8221; icon_color=&#8221;#ffffff&#8221; use_circle=&#8221;on&#8221; circle_color=&#8221;#cf5c36&#8243; _builder_version=&#8221;3.27.2&#8243; body_text_color=&#8221;#000000&#8243; body_line_height=&#8221;1em&#8221; _i=&#8221;0&#8243; _address=&#8221;1.0.2.0&#8243;]<\/p>\n<p style=\"text-align: center;\"><strong><span style=\"color: #000000; font-size: 14pt;\"><a style=\"color: #000000;\" href=\"https:\/\/www.facebook.com\/terapiaczakrpl-467129180152972\/\" target=\"_blank\" rel=\"noopener noreferrer\">Facebook<\/a><\/span><\/strong><\/p>\n<p>[\/et_pb_blurb][\/et_pb_column][\/et_pb_row][\/et_pb_section]<\/p>\n","protected":false},"excerpt":{"rendered":"<p>[et_pb_section fb_built=&#8221;1&#8243; _builder_version=&#8221;3.27.2&#8243; custom_css_main_element=&#8221;padding-top: 0px !important;&#8221; _i=&#8221;0&#8243; _address=&#8221;0&#8243;][et_pb_row _builder_version=&#8221;3.27.2&#8243; custom_css_main_element=&#8221;padding-top: 0 !important;&#8221; _i=&#8221;0&#8243; _address=&#8221;0.0&#8243;][et_pb_column type=&#8221;4_4&#8243; _builder_version=&#8221;3.27.2&#8243; _i=&#8221;0&#8243; _address=&#8221;0.0.0&#8243;][et_pb_image src=&#8221;https:\/\/terapiaczakr.pl\/wp-content\/uploads\/2019\/09\/SCIO-min.jpg&#8221; align=&#8221;center&#8221; admin_label=&#8221;Obraz&#8221; _builder_version=&#8221;3.27.2&#8243; max_height=&#8221;500px&#8221; _i=&#8221;0&#8243; _address=&#8221;0.0.0.0&#8243;][\/et_pb_image][et_pb_text admin_label=&#8221;Tekst&#8221; _builder_version=&#8221;3.27.2&#8243; _i=&#8221;1&#8243; _address=&#8221;0.0.0.1&#8243;] DIAGNOZA I TERAPIA URZ\u0104DZENIEM SCIO\u200b- BIOREZONANS [\/et_pb_text][et_pb_text _builder_version=&#8221;3.27.2&#8243; text_font=&#8221;Lato||||||||&#8221; _i=&#8221;2&#8243; _address=&#8221;0.0.0.2&#8243;] The history of scientific research on SCIO dates back to the 1960s, when research on [&hellip;]<\/p>\n","protected":false},"author":4,"featured_media":0,"parent":0,"menu_order":0,"comment_status":"closed","ping_status":"closed","template":"","meta":{"_et_pb_use_builder":"on","_et_pb_old_content":"","footnotes":""},"class_list":["post-225537","page","type-page","status-publish","hentry"],"aioseo_notices":[],"_links":{"self":[{"href":"https:\/\/www.terapiaczakr.pl\/en\/wp-json\/wp\/v2\/pages\/225537","targetHints":{"allow":["GET"]}}],"collection":[{"href":"https:\/\/www.terapiaczakr.pl\/en\/wp-json\/wp\/v2\/pages"}],"about":[{"href":"https:\/\/www.terapiaczakr.pl\/en\/wp-json\/wp\/v2\/types\/page"}],"author":[{"embeddable":true,"href":"https:\/\/www.terapiaczakr.pl\/en\/wp-json\/wp\/v2\/users\/4"}],"replies":[{"embeddable":true,"href":"https:\/\/www.terapiaczakr.pl\/en\/wp-json\/wp\/v2\/comments?post=225537"}],"version-history":[{"count":4,"href":"https:\/\/www.terapiaczakr.pl\/en\/wp-json\/wp\/v2\/pages\/225537\/revisions"}],"predecessor-version":[{"id":225751,"href":"https:\/\/www.terapiaczakr.pl\/en\/wp-json\/wp\/v2\/pages\/225537\/revisions\/225751"}],"wp:attachment":[{"href":"https:\/\/www.terapiaczakr.pl\/en\/wp-json\/wp\/v2\/media?parent=225537"}],"curies":[{"name":"wp","href":"https:\/\/api.w.org\/{rel}","templated":true}]}}