{"id":225550,"date":"2019-08-28T19:40:57","date_gmt":"2019-08-28T18:40:57","guid":{"rendered":"https:\/\/www.terapiaczakr.pl\/a-ritual-massage-that-heals-the-energy-of-the-chakras\/"},"modified":"2022-07-29T15:53:39","modified_gmt":"2022-07-29T14:53:39","slug":"a-ritual-massage-that-heals-the-energy-of-the-chakras","status":"publish","type":"page","link":"https:\/\/www.terapiaczakr.pl\/en\/a-ritual-massage-that-heals-the-energy-of-the-chakras\/","title":{"rendered":"A ritual massage that heals the energy of the chakras"},"content":{"rendered":"<p>[et_pb_section fb_built=&#8221;1&#8243; _builder_version=&#8221;3.27.2&#8243; custom_css_main_element=&#8221;padding-top: 0px !important;&#8221; fb_built=&#8221;1&#8243; _i=&#8221;0&#8243; _address=&#8221;0&#8243;][et_pb_row _builder_version=&#8221;3.27.2&#8243; custom_css_main_element=&#8221;padding-top: 0 !important;&#8221; _i=&#8221;0&#8243; _address=&#8221;0.0&#8243;][et_pb_column type=&#8221;4_4&#8243; _builder_version=&#8221;3.27.2&#8243; _i=&#8221;0&#8243; _address=&#8221;0.0.0&#8243;][et_pb_image src=&#8221;https:\/\/www.terapiaczakr.pl\/wp-content\/uploads\/2022\/07\/de.jpg&#8221; align=&#8221;center&#8221; admin_label=&#8221;Obraz&#8221; _builder_version=&#8221;3.27.2&#8243; max_height=&#8221;500px&#8221; _i=&#8221;0&#8243; _address=&#8221;0.0.0.0&#8243;][\/et_pb_image][et_pb_text _builder_version=&#8221;3.27.2&#8243; _i=&#8221;1&#8243; _address=&#8221;0.0.0.1&#8243;]<\/p>\n<p style=\"text-align: center;\"><span style=\"font-size: 24pt;\"><b>RITUAL MASSAGE HEALING THE ENERGY OF THE CHAKRAS<\/b><\/span><\/p>\n<p>[\/et_pb_text][et_pb_text _builder_version=&#8221;3.27.2&#8243; hover_enabled=&#8221;0&#8243; _i=&#8221;2&#8243; _address=&#8221;0.0.0.2&#8243;]<\/p>\n<p><strong style=\"font-size: 16px;\">Did you know you can balance your chakras with massage? <\/strong> <strong style=\"font-size: 16px;\">Balancing your chakras with massage is a great way to connect with your experience through all of your energy points.<br \/><\/strong><span style=\"font-size: 12pt;\">If you are a yogi, you&#8217;ve probably heard of chakras or subtle bodies. Chakras are sometimes referred to as energy discs, but they actually have a physical location. Each chakra is associated with a plexus, a bundle of nerves and coils that innervate the tissue. This plexus is part of the nervous system and corresponds to the proprioceptive system (parasympathetic nervous system) and the interoceptive system (central nervous system).<br \/><\/span><span style=\"font-size: 12pt;\">These terms may be new to you, so let&#8217;s dive deeper into what each of these systems does and how they affect our bodies physically, intellectually, emotionally, and spiritually.<\/span><\/p>\n<p><span style=\"font-size: 12pt;\"><strong>Chakras and the nervous system<br \/><\/strong><\/span><span style=\"font-size: 12pt;\">The proprioceptive system collects information in our environment and transmits it to the brain. The brain unconsciously reacts based on our lived experiences, and our sympathetic or parasympathetic nervous system is activated. If our sympathetic nervous system is activated, we enter an overstimulated state of being.<br \/><\/span><span style=\"font-size: 12pt;\">If our parasympathetic nervous system is activated, we are at ease and can rest, understand the information, and recharge our batteries. The interoceptive system helps us understand how we feel. We may feel scared, restless, at ease, or experience stomach pain. The interoceptive system is responsible for the feeling of euphoria we feel when we fall in love or the feeling of fear that comes with us before telling someone bad news.<\/span><\/p>\n<p><span style=\"font-size: 12pt;\"> Each chakra deviates, uses information from both the proprioceptive plexus and the interoceptive plexus associated with the characteristics of the chakra. Basically, our chakras are both physical and metaphysical. When the plexus innervates the tissue, a sensation is felt or movement is initiated. The traditional Hatha chakra system covers the seven chakras, but some systems cover up to nine chakras. The seven basic chakras include: the Muladhara chakra, Svadhishthana chakra, Manipura chakra, Anahata chakra, Vishudda chakra, Anja chakra and Sarasarra chakra.<br \/>Chakra balancing meditations can be extremely helpful. R\u00f3wnie\u017c masa\u017c pomaga zr\u00f3wnowa\u017cy\u0107 nasze czakry, przez co poprawia si\u0119 nasze zdrowie i dobre samopoczucie. Each of the Granthi represents our connection to the psychic siddhis that help us feel embodied. When our chakras are balanced, we have the ability to live in the present movement. Practicing in this way helps to maintain the energetic continuity of the chakras and balances the physical, emotional and intellectual bodies. Balancing meditations can be extremely helpful when you want to balance your chakras with massage, which allows you to promote health and wellness.<br \/>We also recommend <a href=\"https:\/\/www.terapiaczakr.pl\/en\/ayurvedic-massage\/\">Ayurvedic massage &gt;&gt;<\/a><\/span><\/p>\n<div class=\"notranslate\" style=\"all: initial;\">\u00a0<\/div>\n<p>[\/et_pb_text][et_pb_code _builder_version=&#8221;3.27.2&#8243; _i=&#8221;3&#8243; _address=&#8221;0.0.0.3&#8243;]<div id=\"footable_parent_653\"\n         class=\" footable_parent ninja_table_wrapper loading_ninja_table wp_table_data_press_parent semantic_ui \">\n                <table data-ninja_table_instance=\"ninja_table_instance_0\" data-footable_id=\"653\" data-filter-delay=\"1000\" aria-label=\"Rytualny uzdrawiaj\u0105cy masa\u017c energi\u0119 czakr\"            id=\"footable_653\"\n           data-unique_identifier=\"ninja_table_unique_id_1742222321_653\"\n           class=\" foo-table ninja_footable foo_table_653 ninja_table_unique_id_1742222321_653 ui table  nt_type_ajax_table selectable striped vertical_centered  footable-paging-right ninja_table_search_disabled\">\n                <colgroup>\n                            <col class=\"ninja_column_0 \">\n                            <col class=\"ninja_column_1 \">\n                    <\/colgroup>\n            <\/table>\n    \n    \n    \n<\/div>\n[\/et_pb_code][\/et_pb_column][\/et_pb_row][\/et_pb_section][et_pb_section fb_built=&#8221;1&#8243; _builder_version=&#8221;3.27.2&#8243; fb_built=&#8221;1&#8243; _i=&#8221;1&#8243; _address=&#8221;1&#8243;][et_pb_row column_structure=&#8221;1_3,1_3,1_3&#8243; _builder_version=&#8221;3.27.2&#8243; _i=&#8221;0&#8243; _address=&#8221;1.0&#8243;][et_pb_column type=&#8221;1_3&#8243; _builder_version=&#8221;3.27.2&#8243; _i=&#8221;0&#8243; _address=&#8221;1.0.0&#8243;][et_pb_blurb use_icon=&#8221;on&#8221; font_icon=&#8221;%%122%%&#8221; icon_color=&#8221;#ffffff&#8221; use_circle=&#8221;on&#8221; circle_color=&#8221;#cf5c36&#8243; _builder_version=&#8221;3.27.2&#8243; body_text_color=&#8221;#000000&#8243; body_line_height=&#8221;1em&#8221; _i=&#8221;0&#8243; _address=&#8221;1.0.0.0&#8243;]<\/p>\n<p style=\"text-align: center;\"><span style=\"font-size: 14pt;\"><strong>Feroz Ranzoo<\/strong><\/span><\/p>\n<p style=\"text-align: center;\"><span style=\"font-size: 10pt;\"><strong>Current address<\/strong><\/span><\/p>\n<p style=\"text-align: center;\"><span style=\"font-size: 14pt;\"><strong>Str. Mi\u0119dzyborska 106<\/strong><\/span><\/p>\n<p style=\"text-align: center;\"><span style=\"font-size: 14pt;\"><strong>04-010<\/strong><\/span><\/p>\n<p style=\"text-align: center;\"><span style=\"font-size: 14pt;\"><strong>Warsaw<\/strong><\/span><\/p>\n<p>[\/et_pb_blurb][\/et_pb_column][et_pb_column type=&#8221;1_3&#8243; _builder_version=&#8221;3.27.2&#8243; _i=&#8221;1&#8243; _address=&#8221;1.0.1&#8243;][et_pb_blurb use_icon=&#8221;on&#8221; font_icon=&#8221;%%104%%&#8221; icon_color=&#8221;#ffffff&#8221; use_circle=&#8221;on&#8221; circle_color=&#8221;#cf5c36&#8243; _builder_version=&#8221;3.27.2&#8243; body_text_color=&#8221;#000000&#8243; body_line_height=&#8221;1em&#8221; border_width_right=&#8221;5px&#8221; border_color_right=&#8221;#cf5c36&#8243; border_width_left=&#8221;5px&#8221; border_color_left=&#8221;#cf5c36&#8243; _i=&#8221;0&#8243; _address=&#8221;1.0.1.0&#8243;]<\/p>\n<p style=\"text-align: center;\"><span style=\"color: #000000;\"><a style=\"color: #000000;\" href=\"tel:+48790693638\"><span style=\"font-size: 14pt;\"><strong>+48 790 693 638<\/strong><\/span><\/a><\/span><\/p>\n<p>[\/et_pb_blurb][\/et_pb_column][et_pb_column type=&#8221;1_3&#8243; _builder_version=&#8221;3.27.2&#8243; _i=&#8221;2&#8243; _address=&#8221;1.0.2&#8243;][et_pb_blurb use_icon=&#8221;on&#8221; font_icon=&#8221;%%291%%&#8221; icon_color=&#8221;#ffffff&#8221; use_circle=&#8221;on&#8221; circle_color=&#8221;#cf5c36&#8243; _builder_version=&#8221;3.27.2&#8243; body_text_color=&#8221;#000000&#8243; body_line_height=&#8221;1em&#8221; _i=&#8221;0&#8243; _address=&#8221;1.0.2.0&#8243;]<\/p>\n<p style=\"text-align: center;\"><strong><span style=\"color: #000000; font-size: 14pt;\"><a style=\"color: #000000;\" href=\"https:\/\/www.facebook.com\/terapiaczakrpl-467129180152972\/\" target=\"_blank\" rel=\"noopener noreferrer\">Facebook<\/a><\/span><\/strong><\/p>\n<p>[\/et_pb_blurb][\/et_pb_column][\/et_pb_row][\/et_pb_section]<\/p>\n","protected":false},"excerpt":{"rendered":"<p>[et_pb_section fb_built=&#8221;1&#8243; _builder_version=&#8221;3.27.2&#8243; custom_css_main_element=&#8221;padding-top: 0px !important;&#8221; fb_built=&#8221;1&#8243; _i=&#8221;0&#8243; _address=&#8221;0&#8243;][et_pb_row _builder_version=&#8221;3.27.2&#8243; custom_css_main_element=&#8221;padding-top: 0 !important;&#8221; _i=&#8221;0&#8243; _address=&#8221;0.0&#8243;][et_pb_column type=&#8221;4_4&#8243; _builder_version=&#8221;3.27.2&#8243; _i=&#8221;0&#8243; _address=&#8221;0.0.0&#8243;][et_pb_image src=&#8221;https:\/\/www.terapiaczakr.pl\/wp-content\/uploads\/2022\/07\/de.jpg&#8221; align=&#8221;center&#8221; admin_label=&#8221;Obraz&#8221; _builder_version=&#8221;3.27.2&#8243; max_height=&#8221;500px&#8221; _i=&#8221;0&#8243; _address=&#8221;0.0.0.0&#8243;][\/et_pb_image][et_pb_text _builder_version=&#8221;3.27.2&#8243; _i=&#8221;1&#8243; _address=&#8221;0.0.0.1&#8243;] RITUAL MASSAGE HEALING THE ENERGY OF THE CHAKRAS [\/et_pb_text][et_pb_text _builder_version=&#8221;3.27.2&#8243; hover_enabled=&#8221;0&#8243; _i=&#8221;2&#8243; _address=&#8221;0.0.0.2&#8243;] Did you know you can balance your chakras with massage? Balancing your chakras [&hellip;]<\/p>\n","protected":false},"author":1,"featured_media":0,"parent":0,"menu_order":0,"comment_status":"closed","ping_status":"closed","template":"","meta":{"_et_pb_use_builder":"on","_et_pb_old_content":"","footnotes":""},"class_list":["post-225550","page","type-page","status-publish","hentry"],"aioseo_notices":[],"_links":{"self":[{"href":"https:\/\/www.terapiaczakr.pl\/en\/wp-json\/wp\/v2\/pages\/225550","targetHints":{"allow":["GET"]}}],"collection":[{"href":"https:\/\/www.terapiaczakr.pl\/en\/wp-json\/wp\/v2\/pages"}],"about":[{"href":"https:\/\/www.terapiaczakr.pl\/en\/wp-json\/wp\/v2\/types\/page"}],"author":[{"embeddable":true,"href":"https:\/\/www.terapiaczakr.pl\/en\/wp-json\/wp\/v2\/users\/1"}],"replies":[{"embeddable":true,"href":"https:\/\/www.terapiaczakr.pl\/en\/wp-json\/wp\/v2\/comments?post=225550"}],"version-history":[{"count":1,"href":"https:\/\/www.terapiaczakr.pl\/en\/wp-json\/wp\/v2\/pages\/225550\/revisions"}],"predecessor-version":[{"id":225557,"href":"https:\/\/www.terapiaczakr.pl\/en\/wp-json\/wp\/v2\/pages\/225550\/revisions\/225557"}],"wp:attachment":[{"href":"https:\/\/www.terapiaczakr.pl\/en\/wp-json\/wp\/v2\/media?parent=225550"}],"curies":[{"name":"wp","href":"https:\/\/api.w.org\/{rel}","templated":true}]}}